{"id":793,"date":"2023-12-20T15:22:50","date_gmt":"2023-12-20T14:22:50","guid":{"rendered":"https:\/\/kiobem.com\/?page_id=793"},"modified":"2024-11-28T17:27:37","modified_gmt":"2024-11-28T16:27:37","slug":"aviso-legal","status":"publish","type":"page","link":"https:\/\/marketingenerativo.com\/index.php\/aviso-legal\/","title":{"rendered":"Aviso Legal"},"content":{"rendered":"<style>.elementor-793 .elementor-element.elementor-element-72b6759{--display:flex;--gap:0px 0px;--row-gap:0px;--column-gap:0px;--margin-top:150px;--margin-bottom:0px;--margin-left:0px;--margin-right:0px;}.elementor-793 .elementor-element.elementor-element-be055ad > .elementor-widget-container{margin:39px 0px 0px 0px;}.elementor-793 .elementor-element.elementor-element-be055ad .elementor-heading-title{font-size:45px;color:var( --e-global-color-primary );}.elementor-793 .elementor-element.elementor-element-a28b3ee{--divider-border-style:solid;--divider-color:var( --e-global-color-primary );--divider-border-width:1px;}.elementor-793 .elementor-element.elementor-element-a28b3ee .elementor-divider-separator{width:25%;}.elementor-793 .elementor-element.elementor-element-a28b3ee .elementor-divider{padding-block-start:2px;padding-block-end:2px;}.elementor-793 .elementor-element.elementor-element-cc1ff98{--display:flex;}.elementor-793 .elementor-element.elementor-element-6ac66cb > .elementor-widget-container{margin:50px 0px 50px 0px;}body.elementor-page-793:not(.elementor-motion-effects-element-type-background), body.elementor-page-793 > .elementor-motion-effects-container > .elementor-motion-effects-layer{background-color:#000000;}:root{--page-title-display:none;}@media(max-width:1024px){.elementor-793 .elementor-element.elementor-element-72b6759{--margin-top:100px;--margin-bottom:0px;--margin-left:0px;--margin-right:0px;--padding-top:0px;--padding-bottom:0px;--padding-left:50px;--padding-right:0px;}.elementor-793 .elementor-element.elementor-element-6ac66cb > .elementor-widget-container{margin:25px 0px 0px 0px;padding:0px 50px 0px 50px;}}@media(max-width:767px){.elementor-793 .elementor-element.elementor-element-72b6759{--margin-top:100px;--margin-bottom:0px;--margin-left:0px;--margin-right:0px;--padding-top:0px;--padding-bottom:0px;--padding-left:20px;--padding-right:0px;}.elementor-793 .elementor-element.elementor-element-a28b3ee .elementor-divider-separator{width:82%;}.elementor-793 .elementor-element.elementor-element-cc1ff98{--margin-top:25px;--margin-bottom:0px;--margin-left:0px;--margin-right:0px;}.elementor-793 .elementor-element.elementor-element-6ac66cb > .elementor-widget-container{margin:0px 0px 0px 0px;padding:0px 20px 0px 20px;}}<\/style>\t\t<div data-elementor-type=\"wp-page\" data-elementor-id=\"793\" class=\"elementor elementor-793\" data-elementor-post-type=\"page\">\n\t\t\t\t<div class=\"elementor-element elementor-element-72b6759 e-flex e-con-boxed e-con e-parent\" data-id=\"72b6759\" data-element_type=\"container\">\n\t\t\t\t\t<div class=\"e-con-inner\">\n\t\t\t\t<div class=\"elementor-element elementor-element-be055ad elementor-widget elementor-widget-heading\" data-id=\"be055ad\" data-element_type=\"widget\" data-widget_type=\"heading.default\">\n\t\t\t\t<div class=\"elementor-widget-container\">\n\t\t\t\t\t<h1 class=\"elementor-heading-title elementor-size-default\">Aviso Legal<\/h1>\t\t\t\t<\/div>\n\t\t\t\t<\/div>\n\t\t\t\t<div class=\"elementor-element elementor-element-a28b3ee elementor-widget-divider--view-line elementor-invisible elementor-widget elementor-widget-divider\" data-id=\"a28b3ee\" data-element_type=\"widget\" data-settings=\"{&quot;_animation&quot;:&quot;fadeInLeft&quot;}\" data-widget_type=\"divider.default\">\n\t\t\t\t<div class=\"elementor-widget-container\">\n\t\t\t\t\t\t\t<div class=\"elementor-divider\">\n\t\t\t<span class=\"elementor-divider-separator\">\n\t\t\t\t\t\t<\/span>\n\t\t<\/div>\n\t\t\t\t\t\t<\/div>\n\t\t\t\t<\/div>\n\t\t\t\t\t<\/div>\n\t\t\t\t<\/div>\n\t\t<div class=\"elementor-element elementor-element-cc1ff98 e-flex e-con-boxed e-con e-parent\" data-id=\"cc1ff98\" data-element_type=\"container\">\n\t\t\t\t\t<div class=\"e-con-inner\">\n\t\t\t\t<div class=\"elementor-element elementor-element-6ac66cb elementor-widget elementor-widget-text-editor\" data-id=\"6ac66cb\" data-element_type=\"widget\" data-widget_type=\"text-editor.default\">\n\t\t\t\t<div class=\"elementor-widget-container\">\n\t\t\t\t\t\t\t\t\t<p><span style=\"color: #ffffff;\">Ernesto Barranco Mart\u00ednez, en cumplimiento del art\u00edculo 10 de la Ley 34\/2002 de Servicios de la Sociedad de la Informaci\u00f3n y Comercio Electr\u00f3nico, informa:<\/span><\/p><p><span style=\"color: #ffffff;\">Que es titular del dominio y del sitio web:\u00a0<a style=\"color: #ffffff;\" href=\"https:\/\/marketingenerativo.com\/\" target=\"_new\" rel=\"noopener\">https:\/\/marketingenerativo.com<\/a><\/span><\/p><p><span style=\"color: #ffffff;\">Que sus datos identificativos son:<\/span><\/p><p><span style=\"color: #ffffff;\"><strong>RAZ\u00d3N<\/strong><\/span><br \/><span style=\"color: #ffffff;\">Ernesto Barranco Mart\u00ednez<\/span><\/p><p><span style=\"color: #ffffff;\"><strong>NIF<\/strong><\/span><br \/><span style=\"color: #ffffff;\">74664641V<\/span><\/p><p><span style=\"color: #ffffff;\"><strong>DIRECCI\u00d3N<\/strong><\/span><br \/><span style=\"color: #ffffff;\">Calle Madrid, 18193 Monachil (Granada), Espa\u00f1a<\/span><\/p><p><span style=\"color: #ffffff;\">La utilizaci\u00f3n del sitio web otorga la condici\u00f3n de usuario e implica la plena aceptaci\u00f3n a todas las disposiciones contenidas en este Aviso Legal y en la Pol\u00edtica de Privacidad. Si el usuario no est\u00e1 de acuerdo con las condiciones aqu\u00ed establecidas deber\u00eda desestimar el acceso y la utilizaci\u00f3n del sitio web.<\/span><\/p><p><span style=\"color: #ffffff;\">El contenido del sitio web es propiedad de Ernesto Barranco Mart\u00ednez, y se proh\u00edbe cualquier tipo de copia o reproducci\u00f3n de todo o parte del contenido sin autorizaci\u00f3n expresa de su propietario.<\/span><\/p><p><span style=\"color: #ffffff;\">El usuario del sitio web se compromete a hacer un uso adecuado del mismo, a no emplearlo para pr\u00e1cticas contrarias a la Ley o la buena fe y a no provocar da\u00f1os en los sistemas f\u00edsicos y l\u00f3gicos de Ernesto Barranco Mart\u00ednez.<\/span><\/p>\t\t\t\t\t\t\t\t<\/div>\n\t\t\t\t<\/div>\n\t\t\t\t\t<\/div>\n\t\t\t\t<\/div>\n\t\t\t\t<\/div>\n\t\t","protected":false},"excerpt":{"rendered":"<p>Aviso Legal Ernesto Barranco Mart\u00ednez, en cumplimiento del art\u00edculo 10 de la Ley 34\/2002 de Servicios de la Sociedad de la Informaci\u00f3n y Comercio Electr\u00f3nico, informa: Que es titular del dominio y del sitio web:\u00a0https:\/\/marketingenerativo.com Que sus datos identificativos son: RAZ\u00d3NErnesto Barranco Mart\u00ednez NIF74664641V DIRECCI\u00d3NCalle Madrid, 18193 Monachil (Granada), Espa\u00f1a La utilizaci\u00f3n del sitio web [&hellip;]<\/p>\n","protected":false},"author":2,"featured_media":0,"parent":0,"menu_order":0,"comment_status":"closed","ping_status":"closed","template":"","meta":{"footnotes":""},"class_list":["post-793","page","type-page","status-publish","hentry"],"yoast_head":"<!-- This site is optimized with the Yoast SEO plugin v26.8 - https:\/\/yoast.com\/product\/yoast-seo-wordpress\/ -->\n<title>Aviso Legal - GRUPO AMG.IA<\/title>\n<meta name=\"robots\" content=\"noindex, follow, max-snippet:-1, max-image-preview:large, max-video-preview:-1\" \/>\n<meta property=\"og:locale\" content=\"es_ES\" \/>\n<meta property=\"og:type\" content=\"article\" \/>\n<meta property=\"og:title\" content=\"Aviso Legal - GRUPO AMG.IA\" \/>\n<meta property=\"og:description\" content=\"Aviso Legal Ernesto Barranco Mart\u00ednez, en cumplimiento del art\u00edculo 10 de la Ley 34\/2002 de Servicios de la Sociedad de la Informaci\u00f3n y Comercio Electr\u00f3nico, informa: Que es titular del dominio y del sitio web:\u00a0https:\/\/marketingenerativo.com Que sus datos identificativos son: RAZ\u00d3NErnesto Barranco Mart\u00ednez NIF74664641V DIRECCI\u00d3NCalle Madrid, 18193 Monachil (Granada), Espa\u00f1a La utilizaci\u00f3n del sitio web [&hellip;]\" \/>\n<meta property=\"og:url\" content=\"https:\/\/marketingenerativo.com\/index.php\/aviso-legal\/\" \/>\n<meta property=\"og:site_name\" content=\"GRUPO AMG.IA\" \/>\n<meta property=\"article:modified_time\" content=\"2024-11-28T16:27:37+00:00\" \/>\n<meta name=\"twitter:card\" content=\"summary_large_image\" \/>\n<meta name=\"twitter:label1\" content=\"Tiempo de lectura\" \/>\n\t<meta name=\"twitter:data1\" content=\"1 minuto\" \/>\n<script type=\"application\/ld+json\" class=\"yoast-schema-graph\">{\"@context\":\"https:\/\/schema.org\",\"@graph\":[{\"@type\":\"WebPage\",\"@id\":\"https:\/\/marketingenerativo.com\/index.php\/aviso-legal\/\",\"url\":\"https:\/\/marketingenerativo.com\/index.php\/aviso-legal\/\",\"name\":\"Aviso Legal - GRUPO AMG.IA\",\"isPartOf\":{\"@id\":\"https:\/\/marketingenerativo.com\/#website\"},\"datePublished\":\"2023-12-20T14:22:50+00:00\",\"dateModified\":\"2024-11-28T16:27:37+00:00\",\"breadcrumb\":{\"@id\":\"https:\/\/marketingenerativo.com\/index.php\/aviso-legal\/#breadcrumb\"},\"inLanguage\":\"es\",\"potentialAction\":[{\"@type\":\"ReadAction\",\"target\":[\"https:\/\/marketingenerativo.com\/index.php\/aviso-legal\/\"]}]},{\"@type\":\"BreadcrumbList\",\"@id\":\"https:\/\/marketingenerativo.com\/index.php\/aviso-legal\/#breadcrumb\",\"itemListElement\":[{\"@type\":\"ListItem\",\"position\":1,\"name\":\"Portada\",\"item\":\"https:\/\/marketingenerativo.com\/\"},{\"@type\":\"ListItem\",\"position\":2,\"name\":\"Aviso Legal\"}]},{\"@type\":\"WebSite\",\"@id\":\"https:\/\/marketingenerativo.com\/#website\",\"url\":\"https:\/\/marketingenerativo.com\/\",\"name\":\"GRUPO AMG.IA\",\"description\":\"ADVANCED MODELS GROWTH\",\"publisher\":{\"@id\":\"https:\/\/marketingenerativo.com\/#\/schema\/person\/cd2c364c6cbcb4453e4d4040f52eb0bb\"},\"potentialAction\":[{\"@type\":\"SearchAction\",\"target\":{\"@type\":\"EntryPoint\",\"urlTemplate\":\"https:\/\/marketingenerativo.com\/?s={search_term_string}\"},\"query-input\":{\"@type\":\"PropertyValueSpecification\",\"valueRequired\":true,\"valueName\":\"search_term_string\"}}],\"inLanguage\":\"es\"},{\"@type\":[\"Person\",\"Organization\"],\"@id\":\"https:\/\/marketingenerativo.com\/#\/schema\/person\/cd2c364c6cbcb4453e4d4040f52eb0bb\",\"name\":\"Ernesto Barranco\",\"image\":{\"@type\":\"ImageObject\",\"inLanguage\":\"es\",\"@id\":\"https:\/\/marketingenerativo.com\/#\/schema\/person\/image\/\",\"url\":\"https:\/\/marketingenerativo.com\/wp-content\/uploads\/2024\/11\/cropped-1-1.png\",\"contentUrl\":\"https:\/\/marketingenerativo.com\/wp-content\/uploads\/2024\/11\/cropped-1-1.png\",\"width\":712,\"height\":189,\"caption\":\"Ernesto Barranco\"},\"logo\":{\"@id\":\"https:\/\/marketingenerativo.com\/#\/schema\/person\/image\/\"},\"sameAs\":[\"http:\/\/kiobem.com\"]}]}<\/script>\n<!-- \/ Yoast SEO plugin. -->","yoast_head_json":{"title":"Aviso Legal - GRUPO AMG.IA","robots":{"index":"noindex","follow":"follow","max-snippet":"max-snippet:-1","max-image-preview":"max-image-preview:large","max-video-preview":"max-video-preview:-1"},"og_locale":"es_ES","og_type":"article","og_title":"Aviso Legal - GRUPO AMG.IA","og_description":"Aviso Legal Ernesto Barranco Mart\u00ednez, en cumplimiento del art\u00edculo 10 de la Ley 34\/2002 de Servicios de la Sociedad de la Informaci\u00f3n y Comercio Electr\u00f3nico, informa: Que es titular del dominio y del sitio web:\u00a0https:\/\/marketingenerativo.com Que sus datos identificativos son: RAZ\u00d3NErnesto Barranco Mart\u00ednez NIF74664641V DIRECCI\u00d3NCalle Madrid, 18193 Monachil (Granada), Espa\u00f1a La utilizaci\u00f3n del sitio web [&hellip;]","og_url":"https:\/\/marketingenerativo.com\/index.php\/aviso-legal\/","og_site_name":"GRUPO AMG.IA","article_modified_time":"2024-11-28T16:27:37+00:00","twitter_card":"summary_large_image","twitter_misc":{"Tiempo de lectura":"1 minuto"},"schema":{"@context":"https:\/\/schema.org","@graph":[{"@type":"WebPage","@id":"https:\/\/marketingenerativo.com\/index.php\/aviso-legal\/","url":"https:\/\/marketingenerativo.com\/index.php\/aviso-legal\/","name":"Aviso Legal - GRUPO AMG.IA","isPartOf":{"@id":"https:\/\/marketingenerativo.com\/#website"},"datePublished":"2023-12-20T14:22:50+00:00","dateModified":"2024-11-28T16:27:37+00:00","breadcrumb":{"@id":"https:\/\/marketingenerativo.com\/index.php\/aviso-legal\/#breadcrumb"},"inLanguage":"es","potentialAction":[{"@type":"ReadAction","target":["https:\/\/marketingenerativo.com\/index.php\/aviso-legal\/"]}]},{"@type":"BreadcrumbList","@id":"https:\/\/marketingenerativo.com\/index.php\/aviso-legal\/#breadcrumb","itemListElement":[{"@type":"ListItem","position":1,"name":"Portada","item":"https:\/\/marketingenerativo.com\/"},{"@type":"ListItem","position":2,"name":"Aviso Legal"}]},{"@type":"WebSite","@id":"https:\/\/marketingenerativo.com\/#website","url":"https:\/\/marketingenerativo.com\/","name":"GRUPO AMG.IA","description":"ADVANCED MODELS GROWTH","publisher":{"@id":"https:\/\/marketingenerativo.com\/#\/schema\/person\/cd2c364c6cbcb4453e4d4040f52eb0bb"},"potentialAction":[{"@type":"SearchAction","target":{"@type":"EntryPoint","urlTemplate":"https:\/\/marketingenerativo.com\/?s={search_term_string}"},"query-input":{"@type":"PropertyValueSpecification","valueRequired":true,"valueName":"search_term_string"}}],"inLanguage":"es"},{"@type":["Person","Organization"],"@id":"https:\/\/marketingenerativo.com\/#\/schema\/person\/cd2c364c6cbcb4453e4d4040f52eb0bb","name":"Ernesto Barranco","image":{"@type":"ImageObject","inLanguage":"es","@id":"https:\/\/marketingenerativo.com\/#\/schema\/person\/image\/","url":"https:\/\/marketingenerativo.com\/wp-content\/uploads\/2024\/11\/cropped-1-1.png","contentUrl":"https:\/\/marketingenerativo.com\/wp-content\/uploads\/2024\/11\/cropped-1-1.png","width":712,"height":189,"caption":"Ernesto Barranco"},"logo":{"@id":"https:\/\/marketingenerativo.com\/#\/schema\/person\/image\/"},"sameAs":["http:\/\/kiobem.com"]}]}},"_links":{"self":[{"href":"https:\/\/marketingenerativo.com\/index.php\/wp-json\/wp\/v2\/pages\/793","targetHints":{"allow":["GET"]}}],"collection":[{"href":"https:\/\/marketingenerativo.com\/index.php\/wp-json\/wp\/v2\/pages"}],"about":[{"href":"https:\/\/marketingenerativo.com\/index.php\/wp-json\/wp\/v2\/types\/page"}],"author":[{"embeddable":true,"href":"https:\/\/marketingenerativo.com\/index.php\/wp-json\/wp\/v2\/users\/2"}],"replies":[{"embeddable":true,"href":"https:\/\/marketingenerativo.com\/index.php\/wp-json\/wp\/v2\/comments?post=793"}],"version-history":[{"count":37,"href":"https:\/\/marketingenerativo.com\/index.php\/wp-json\/wp\/v2\/pages\/793\/revisions"}],"predecessor-version":[{"id":2121,"href":"https:\/\/marketingenerativo.com\/index.php\/wp-json\/wp\/v2\/pages\/793\/revisions\/2121"}],"wp:attachment":[{"href":"https:\/\/marketingenerativo.com\/index.php\/wp-json\/wp\/v2\/media?parent=793"}],"curies":[{"name":"wp","href":"https:\/\/api.w.org\/{rel}","templated":true}]}}