{"id":795,"date":"2023-12-20T15:50:41","date_gmt":"2023-12-20T14:50:41","guid":{"rendered":"https:\/\/kiobem.com\/?page_id=795"},"modified":"2024-11-28T17:27:08","modified_gmt":"2024-11-28T16:27:08","slug":"politica-de-cookies","status":"publish","type":"page","link":"https:\/\/marketingenerativo.com\/index.php\/politica-de-cookies\/","title":{"rendered":"Pol\u00edtica de Cookies"},"content":{"rendered":"<style>.elementor-795 .elementor-element.elementor-element-b551e96{--display:flex;--gap:0px 0px;--row-gap:0px;--column-gap:0px;--margin-top:150px;--margin-bottom:0px;--margin-left:0px;--margin-right:0px;}.elementor-795 .elementor-element.elementor-element-1da4f18 > .elementor-widget-container{margin:39px 0px 0px 0px;}.elementor-795 .elementor-element.elementor-element-1da4f18 .elementor-heading-title{font-size:45px;color:var( --e-global-color-primary );}.elementor-795 .elementor-element.elementor-element-2b7d4b0{--divider-border-style:solid;--divider-color:var( --e-global-color-primary );--divider-border-width:1px;}.elementor-795 .elementor-element.elementor-element-2b7d4b0 .elementor-divider-separator{width:40%;}.elementor-795 .elementor-element.elementor-element-2b7d4b0 .elementor-divider{padding-block-start:2px;padding-block-end:2px;}.elementor-795 .elementor-element.elementor-element-0affbd2{--display:flex;}.elementor-795 .elementor-element.elementor-element-aec4ee2 > .elementor-widget-container{margin:50px 0px 50px 0px;}body.elementor-page-795:not(.elementor-motion-effects-element-type-background), body.elementor-page-795 > .elementor-motion-effects-container > .elementor-motion-effects-layer{background-color:#000000;}:root{--page-title-display:none;}@media(max-width:1024px){.elementor-795 .elementor-element.elementor-element-b551e96{--margin-top:100px;--margin-bottom:0px;--margin-left:0px;--margin-right:0px;--padding-top:0px;--padding-bottom:0px;--padding-left:50px;--padding-right:0px;}.elementor-795 .elementor-element.elementor-element-aec4ee2 > .elementor-widget-container{margin:25px 0px 0px 0px;padding:0px 50px 0px 50px;}}@media(max-width:767px){.elementor-795 .elementor-element.elementor-element-b551e96{--margin-top:100px;--margin-bottom:0px;--margin-left:0px;--margin-right:0px;--padding-top:0px;--padding-bottom:0px;--padding-left:20px;--padding-right:0px;}.elementor-795 .elementor-element.elementor-element-1da4f18 .elementor-heading-title{font-size:34px;}.elementor-795 .elementor-element.elementor-element-2b7d4b0 .elementor-divider-separator{width:90%;}.elementor-795 .elementor-element.elementor-element-aec4ee2 > .elementor-widget-container{margin:25px 0px 0px 0px;padding:0px 20px 0px 20px;}}<\/style>\t\t<div data-elementor-type=\"wp-page\" data-elementor-id=\"795\" class=\"elementor elementor-795\" data-elementor-post-type=\"page\">\n\t\t\t\t<div class=\"elementor-element elementor-element-b551e96 e-flex e-con-boxed e-con e-parent\" data-id=\"b551e96\" data-element_type=\"container\">\n\t\t\t\t\t<div class=\"e-con-inner\">\n\t\t\t\t<div class=\"elementor-element elementor-element-1da4f18 elementor-widget elementor-widget-heading\" data-id=\"1da4f18\" data-element_type=\"widget\" data-widget_type=\"heading.default\">\n\t\t\t\t<div class=\"elementor-widget-container\">\n\t\t\t\t\t<h1 class=\"elementor-heading-title elementor-size-default\">Pol\u00edtica de Cookies<\/h1>\t\t\t\t<\/div>\n\t\t\t\t<\/div>\n\t\t\t\t<div class=\"elementor-element elementor-element-2b7d4b0 elementor-widget-divider--view-line elementor-invisible elementor-widget elementor-widget-divider\" data-id=\"2b7d4b0\" data-element_type=\"widget\" data-settings=\"{&quot;_animation&quot;:&quot;fadeInLeft&quot;}\" data-widget_type=\"divider.default\">\n\t\t\t\t<div class=\"elementor-widget-container\">\n\t\t\t\t\t\t\t<div class=\"elementor-divider\">\n\t\t\t<span class=\"elementor-divider-separator\">\n\t\t\t\t\t\t<\/span>\n\t\t<\/div>\n\t\t\t\t\t\t<\/div>\n\t\t\t\t<\/div>\n\t\t\t\t\t<\/div>\n\t\t\t\t<\/div>\n\t\t<div class=\"elementor-element elementor-element-0affbd2 e-flex e-con-boxed e-con e-parent\" data-id=\"0affbd2\" data-element_type=\"container\">\n\t\t\t\t\t<div class=\"e-con-inner\">\n\t\t\t\t<div class=\"elementor-element elementor-element-aec4ee2 elementor-widget elementor-widget-text-editor\" data-id=\"aec4ee2\" data-element_type=\"widget\" data-widget_type=\"text-editor.default\">\n\t\t\t\t<div class=\"elementor-widget-container\">\n\t\t\t\t\t\t\t\t\t<h3><strong>\u00bfQu\u00e9 son las cookies?<\/strong><\/h3><p>Las cookies son peque\u00f1os archivos de texto que se almacenan en el dispositivo del usuario cuando visita una p\u00e1gina web. El operador del sitio web determina qu\u00e9 tipo de informaci\u00f3n contiene cada cookie y su prop\u00f3sito. Estas pueden ser utilizadas por el servidor web en futuras visitas, con el objetivo de mejorar la experiencia de navegaci\u00f3n.<\/p><p>Las cookies ahorran tiempo y hacen m\u00e1s eficiente la navegaci\u00f3n web, permitiendo recordar informaci\u00f3n como el inicio de sesi\u00f3n o el contenido de un pedido de compra. Sin embargo, tambi\u00e9n pueden cumplir otras funciones como:<\/p><ul><li>Recopilar informaci\u00f3n sobre h\u00e1bitos de navegaci\u00f3n.<\/li><li>Mostrar publicidad personalizada.<\/li><li>Facilitar la interacci\u00f3n con redes sociales.<\/li><\/ul><p>\u00a0<\/p><hr \/><h3>\u00a0<\/h3><h3><strong>Tipos de cookies seg\u00fan la entidad que las gestione<\/strong><\/h3><ol><li><p><strong>Cookies propias:<\/strong><br \/>Se env\u00edan al dispositivo del usuario desde un dominio gestionado por el editor de la p\u00e1gina web y se utilizan para prestar el servicio solicitado.<\/p><\/li><li><p><strong>Cookies de terceros:<\/strong><br \/>Se env\u00edan al dispositivo del usuario desde un dominio que no es gestionado por el editor, sino por otra entidad que trata los datos obtenidos a trav\u00e9s de las cookies.<\/p><\/li><li>\u00a0<\/li><\/ol><hr \/><h3>\u00a0<\/h3><h3><strong>Tipos de cookies seg\u00fan el tiempo de permanencia<\/strong><\/h3><ol><li><p><strong>Cookies de sesi\u00f3n:<\/strong><br \/>Estas cookies almacenan datos temporalmente y desaparecen cuando el usuario cierra el navegador.<\/p><\/li><li><p><strong>Cookies persistentes:<\/strong><br \/>Los datos siguen almacenados en el dispositivo del usuario durante un periodo definido, que puede variar de unos minutos a varios a\u00f1os.<\/p><\/li><li>\u00a0<\/li><\/ol><hr \/><h3>\u00a0<\/h3><h3><strong>Tipos de cookies seg\u00fan su finalidad<\/strong><\/h3><ol><li><p><strong>Cookies t\u00e9cnicas:<\/strong><br \/>Facilitan la navegaci\u00f3n, el uso de servicios b\u00e1sicos y el acceso a \u00e1reas restringidas. Ejemplos: recordar el carrito de compra, gestionar pagos o garantizar la seguridad durante la navegaci\u00f3n.<\/p><\/li><li><p><strong>Cookies de personalizaci\u00f3n:<\/strong><br \/>Permiten configurar ciertos aspectos de la web, como el idioma, el tipo de navegador o la regi\u00f3n desde la que accedes.<\/p><\/li><li><p><strong>Cookies de an\u00e1lisis:<\/strong><br \/>Se utilizan para medir y analizar el comportamiento de los usuarios en la web, permitiendo mejorar servicios y contenidos.<\/p><\/li><li><p><strong>Cookies de publicidad comportamental:<\/strong><br \/>Recopilan informaci\u00f3n sobre los h\u00e1bitos de navegaci\u00f3n para mostrar anuncios personalizados en funci\u00f3n de los intereses del usuario.<\/p><\/li><li>\u00a0<\/li><\/ol><hr \/><h3>\u00a0<\/h3><h3><strong>\u00bfQu\u00e9 cookies utilizamos en marketingenerativo.com?<\/strong><\/h3><h4><strong>Cookies t\u00e9cnicas<\/strong><\/h4><ul><li><strong><code>moove_gdpr_popup<\/code><\/strong>: Comprueba si debe mostrar el aviso de cookies. Expira en 1 a\u00f1o.<\/li><li><strong><code>cpnb_cookiesSettings<\/code><\/strong>: Guarda las categor\u00edas de cookies aceptadas o rechazadas. Expira en 1 a\u00f1o.<\/li><\/ul><h4><strong>Cookies anal\u00edticas<\/strong><\/h4><ul><li><strong><code>_ga<\/code><\/strong>: Cookie de Google Analytics para distinguir a los usuarios. Expira en 2 a\u00f1os.<\/li><li><strong><code>_gid<\/code><\/strong>: Cookie de Google Analytics para distinguir a los usuarios. Expira en 24 horas.<\/li><li><strong><code>_gat<\/code><\/strong>: Limita el porcentaje de solicitudes. Expira en 1 minuto.<\/li><\/ul><h4><strong>Cookies de publicidad y redes sociales<\/strong><\/h4><ul><li><strong><code>_fbq<\/code><\/strong>: Cookie del p\u00edxel de Facebook para realizar el seguimiento de visitas. Expira en 3 meses.<\/li><li>\u00a0<\/li><\/ul><hr \/><h3>\u00a0<\/h3><h3><strong>Revocaci\u00f3n del consentimiento de uso de cookies<\/strong><\/h3><p>Si deseas revocar o modificar tu consentimiento, puedes hacerlo accediendo al bot\u00f3n flotante de\u00a0<strong>ajustes de cookies<\/strong>\u00a0en la parte inferior derecha del sitio web.<\/p><p>\u00a0<\/p><hr \/><h3>\u00a0<\/h3><h3><strong>\u00bfC\u00f3mo se gestionan las cookies?<\/strong><\/h3><p>Las cookies son archivos de texto y pueden gestionarse a trav\u00e9s de la configuraci\u00f3n del navegador. Aqu\u00ed te indicamos c\u00f3mo hacerlo en los navegadores m\u00e1s utilizados:<\/p><ul><li><p><strong>Firefox:<\/strong><br \/><a href=\"https:\/\/support.mozilla.org\/es\/kb\/cookies-informacion-que-los-sitios-web-guardan-en-tu-computadora\" target=\"_new\" rel=\"noopener\">Ver\u00a0c\u00f3mo\u00a0gestionar\u00a0cookies\u00a0en\u00a0Firefox<\/a><\/p><\/li><li><p><strong>Google Chrome:<\/strong><br \/><a target=\"_new\" rel=\"noopener\">Ver\u00a0c\u00f3mo\u00a0gestionar\u00a0cookies\u00a0en\u00a0Chrome<\/a><\/p><\/li><li><p><strong>Internet Explorer:<\/strong><br \/><a href=\"https:\/\/support.microsoft.com\/es-es\/help\/17442\/windows-internet-explorer-delete-manage-cookies\" target=\"_new\" rel=\"noopener\">Ver\u00a0c\u00f3mo\u00a0gestionar\u00a0cookies\u00a0en\u00a0Internet\u00a0Explorer<\/a><\/p><\/li><li><p><strong>Safari:<\/strong><br \/><a href=\"https:\/\/support.apple.com\/es-es\/guide\/safari\/sfri11471\/mac\" target=\"_new\" rel=\"noopener\">Ver\u00a0c\u00f3mo\u00a0gestionar\u00a0cookies\u00a0en\u00a0Safari<\/a><\/p><\/li><li><p><strong>Opera:<\/strong><br \/><a target=\"_new\" rel=\"noopener\">Ver\u00a0c\u00f3mo\u00a0gestionar\u00a0cookies\u00a0en\u00a0Opera<\/a><\/p><\/li><\/ul><p>\u00a0<\/p><hr \/><h3>\u00a0<\/h3><h3><strong>Desactivaci\u00f3n y eliminaci\u00f3n de cookies<\/strong><\/h3><p>Si decides desactivar todas las cookies, algunas funciones de este sitio web podr\u00edan no funcionar correctamente. Puedes configurar tu navegador para:<\/p><ol><li>Bloquear todas las cookies.<\/li><li>Permitir \u00fanicamente cookies de confianza.<\/li><li>Eliminar cookies existentes al cerrar el navegador.<\/li><\/ol><p>Consulta la funci\u00f3n de ayuda de tu navegador o el manual de tu dispositivo m\u00f3vil para m\u00e1s informaci\u00f3n.<\/p><p>\u00a0<\/p><hr \/><p>\u00a0<\/p><p><strong>\u00daltima actualizaci\u00f3n: <\/strong>28\/11\/2024<\/p>\t\t\t\t\t\t\t\t<\/div>\n\t\t\t\t<\/div>\n\t\t\t\t\t<\/div>\n\t\t\t\t<\/div>\n\t\t\t\t<\/div>\n\t\t","protected":false},"excerpt":{"rendered":"<p>Pol\u00edtica de Cookies \u00bfQu\u00e9 son las cookies? Las cookies son peque\u00f1os archivos de texto que se almacenan en el dispositivo del usuario cuando visita una p\u00e1gina web. El operador del sitio web determina qu\u00e9 tipo de informaci\u00f3n contiene cada cookie y su prop\u00f3sito. Estas pueden ser utilizadas por el servidor web en futuras visitas, con [&hellip;]<\/p>\n","protected":false},"author":2,"featured_media":0,"parent":0,"menu_order":0,"comment_status":"closed","ping_status":"closed","template":"","meta":{"footnotes":""},"class_list":["post-795","page","type-page","status-publish","hentry"],"yoast_head":"<!-- This site is optimized with the Yoast SEO plugin v26.8 - https:\/\/yoast.com\/product\/yoast-seo-wordpress\/ -->\n<title>Pol\u00edtica de Cookies - GRUPO AMG.IA<\/title>\n<meta name=\"robots\" content=\"noindex, follow, max-snippet:-1, max-image-preview:large, max-video-preview:-1\" \/>\n<meta property=\"og:locale\" content=\"es_ES\" \/>\n<meta property=\"og:type\" content=\"article\" \/>\n<meta property=\"og:title\" content=\"Pol\u00edtica de Cookies - GRUPO AMG.IA\" \/>\n<meta property=\"og:description\" content=\"Pol\u00edtica de Cookies \u00bfQu\u00e9 son las cookies? Las cookies son peque\u00f1os archivos de texto que se almacenan en el dispositivo del usuario cuando visita una p\u00e1gina web. El operador del sitio web determina qu\u00e9 tipo de informaci\u00f3n contiene cada cookie y su prop\u00f3sito. Estas pueden ser utilizadas por el servidor web en futuras visitas, con [&hellip;]\" \/>\n<meta property=\"og:url\" content=\"https:\/\/marketingenerativo.com\/index.php\/politica-de-cookies\/\" \/>\n<meta property=\"og:site_name\" content=\"GRUPO AMG.IA\" \/>\n<meta property=\"article:modified_time\" content=\"2024-11-28T16:27:08+00:00\" \/>\n<meta name=\"twitter:card\" content=\"summary_large_image\" \/>\n<meta name=\"twitter:label1\" content=\"Tiempo de lectura\" \/>\n\t<meta name=\"twitter:data1\" content=\"3 minutos\" \/>\n<script type=\"application\/ld+json\" class=\"yoast-schema-graph\">{\"@context\":\"https:\/\/schema.org\",\"@graph\":[{\"@type\":\"WebPage\",\"@id\":\"https:\/\/marketingenerativo.com\/index.php\/politica-de-cookies\/\",\"url\":\"https:\/\/marketingenerativo.com\/index.php\/politica-de-cookies\/\",\"name\":\"Pol\u00edtica de Cookies - GRUPO AMG.IA\",\"isPartOf\":{\"@id\":\"https:\/\/marketingenerativo.com\/#website\"},\"datePublished\":\"2023-12-20T14:50:41+00:00\",\"dateModified\":\"2024-11-28T16:27:08+00:00\",\"breadcrumb\":{\"@id\":\"https:\/\/marketingenerativo.com\/index.php\/politica-de-cookies\/#breadcrumb\"},\"inLanguage\":\"es\",\"potentialAction\":[{\"@type\":\"ReadAction\",\"target\":[\"https:\/\/marketingenerativo.com\/index.php\/politica-de-cookies\/\"]}]},{\"@type\":\"BreadcrumbList\",\"@id\":\"https:\/\/marketingenerativo.com\/index.php\/politica-de-cookies\/#breadcrumb\",\"itemListElement\":[{\"@type\":\"ListItem\",\"position\":1,\"name\":\"Portada\",\"item\":\"https:\/\/marketingenerativo.com\/\"},{\"@type\":\"ListItem\",\"position\":2,\"name\":\"Pol\u00edtica de Cookies\"}]},{\"@type\":\"WebSite\",\"@id\":\"https:\/\/marketingenerativo.com\/#website\",\"url\":\"https:\/\/marketingenerativo.com\/\",\"name\":\"GRUPO AMG.IA\",\"description\":\"ADVANCED MODELS GROWTH\",\"publisher\":{\"@id\":\"https:\/\/marketingenerativo.com\/#\/schema\/person\/cd2c364c6cbcb4453e4d4040f52eb0bb\"},\"potentialAction\":[{\"@type\":\"SearchAction\",\"target\":{\"@type\":\"EntryPoint\",\"urlTemplate\":\"https:\/\/marketingenerativo.com\/?s={search_term_string}\"},\"query-input\":{\"@type\":\"PropertyValueSpecification\",\"valueRequired\":true,\"valueName\":\"search_term_string\"}}],\"inLanguage\":\"es\"},{\"@type\":[\"Person\",\"Organization\"],\"@id\":\"https:\/\/marketingenerativo.com\/#\/schema\/person\/cd2c364c6cbcb4453e4d4040f52eb0bb\",\"name\":\"Ernesto Barranco\",\"image\":{\"@type\":\"ImageObject\",\"inLanguage\":\"es\",\"@id\":\"https:\/\/marketingenerativo.com\/#\/schema\/person\/image\/\",\"url\":\"https:\/\/marketingenerativo.com\/wp-content\/uploads\/2024\/11\/cropped-1-1.png\",\"contentUrl\":\"https:\/\/marketingenerativo.com\/wp-content\/uploads\/2024\/11\/cropped-1-1.png\",\"width\":712,\"height\":189,\"caption\":\"Ernesto Barranco\"},\"logo\":{\"@id\":\"https:\/\/marketingenerativo.com\/#\/schema\/person\/image\/\"},\"sameAs\":[\"http:\/\/kiobem.com\"]}]}<\/script>\n<!-- \/ Yoast SEO plugin. -->","yoast_head_json":{"title":"Pol\u00edtica de Cookies - GRUPO AMG.IA","robots":{"index":"noindex","follow":"follow","max-snippet":"max-snippet:-1","max-image-preview":"max-image-preview:large","max-video-preview":"max-video-preview:-1"},"og_locale":"es_ES","og_type":"article","og_title":"Pol\u00edtica de Cookies - GRUPO AMG.IA","og_description":"Pol\u00edtica de Cookies \u00bfQu\u00e9 son las cookies? Las cookies son peque\u00f1os archivos de texto que se almacenan en el dispositivo del usuario cuando visita una p\u00e1gina web. El operador del sitio web determina qu\u00e9 tipo de informaci\u00f3n contiene cada cookie y su prop\u00f3sito. Estas pueden ser utilizadas por el servidor web en futuras visitas, con [&hellip;]","og_url":"https:\/\/marketingenerativo.com\/index.php\/politica-de-cookies\/","og_site_name":"GRUPO AMG.IA","article_modified_time":"2024-11-28T16:27:08+00:00","twitter_card":"summary_large_image","twitter_misc":{"Tiempo de lectura":"3 minutos"},"schema":{"@context":"https:\/\/schema.org","@graph":[{"@type":"WebPage","@id":"https:\/\/marketingenerativo.com\/index.php\/politica-de-cookies\/","url":"https:\/\/marketingenerativo.com\/index.php\/politica-de-cookies\/","name":"Pol\u00edtica de Cookies - GRUPO AMG.IA","isPartOf":{"@id":"https:\/\/marketingenerativo.com\/#website"},"datePublished":"2023-12-20T14:50:41+00:00","dateModified":"2024-11-28T16:27:08+00:00","breadcrumb":{"@id":"https:\/\/marketingenerativo.com\/index.php\/politica-de-cookies\/#breadcrumb"},"inLanguage":"es","potentialAction":[{"@type":"ReadAction","target":["https:\/\/marketingenerativo.com\/index.php\/politica-de-cookies\/"]}]},{"@type":"BreadcrumbList","@id":"https:\/\/marketingenerativo.com\/index.php\/politica-de-cookies\/#breadcrumb","itemListElement":[{"@type":"ListItem","position":1,"name":"Portada","item":"https:\/\/marketingenerativo.com\/"},{"@type":"ListItem","position":2,"name":"Pol\u00edtica de Cookies"}]},{"@type":"WebSite","@id":"https:\/\/marketingenerativo.com\/#website","url":"https:\/\/marketingenerativo.com\/","name":"GRUPO AMG.IA","description":"ADVANCED MODELS GROWTH","publisher":{"@id":"https:\/\/marketingenerativo.com\/#\/schema\/person\/cd2c364c6cbcb4453e4d4040f52eb0bb"},"potentialAction":[{"@type":"SearchAction","target":{"@type":"EntryPoint","urlTemplate":"https:\/\/marketingenerativo.com\/?s={search_term_string}"},"query-input":{"@type":"PropertyValueSpecification","valueRequired":true,"valueName":"search_term_string"}}],"inLanguage":"es"},{"@type":["Person","Organization"],"@id":"https:\/\/marketingenerativo.com\/#\/schema\/person\/cd2c364c6cbcb4453e4d4040f52eb0bb","name":"Ernesto Barranco","image":{"@type":"ImageObject","inLanguage":"es","@id":"https:\/\/marketingenerativo.com\/#\/schema\/person\/image\/","url":"https:\/\/marketingenerativo.com\/wp-content\/uploads\/2024\/11\/cropped-1-1.png","contentUrl":"https:\/\/marketingenerativo.com\/wp-content\/uploads\/2024\/11\/cropped-1-1.png","width":712,"height":189,"caption":"Ernesto Barranco"},"logo":{"@id":"https:\/\/marketingenerativo.com\/#\/schema\/person\/image\/"},"sameAs":["http:\/\/kiobem.com"]}]}},"_links":{"self":[{"href":"https:\/\/marketingenerativo.com\/index.php\/wp-json\/wp\/v2\/pages\/795","targetHints":{"allow":["GET"]}}],"collection":[{"href":"https:\/\/marketingenerativo.com\/index.php\/wp-json\/wp\/v2\/pages"}],"about":[{"href":"https:\/\/marketingenerativo.com\/index.php\/wp-json\/wp\/v2\/types\/page"}],"author":[{"embeddable":true,"href":"https:\/\/marketingenerativo.com\/index.php\/wp-json\/wp\/v2\/users\/2"}],"replies":[{"embeddable":true,"href":"https:\/\/marketingenerativo.com\/index.php\/wp-json\/wp\/v2\/comments?post=795"}],"version-history":[{"count":22,"href":"https:\/\/marketingenerativo.com\/index.php\/wp-json\/wp\/v2\/pages\/795\/revisions"}],"predecessor-version":[{"id":2115,"href":"https:\/\/marketingenerativo.com\/index.php\/wp-json\/wp\/v2\/pages\/795\/revisions\/2115"}],"wp:attachment":[{"href":"https:\/\/marketingenerativo.com\/index.php\/wp-json\/wp\/v2\/media?parent=795"}],"curies":[{"name":"wp","href":"https:\/\/api.w.org\/{rel}","templated":true}]}}