{"id":796,"date":"2023-12-20T15:23:23","date_gmt":"2023-12-20T14:23:23","guid":{"rendered":"https:\/\/kiobem.com\/?page_id=796"},"modified":"2024-11-28T17:27:26","modified_gmt":"2024-11-28T16:27:26","slug":"politica-de-privacidad","status":"publish","type":"page","link":"https:\/\/marketingenerativo.com\/index.php\/politica-de-privacidad\/","title":{"rendered":"Pol\u00edtica de Privacidad"},"content":{"rendered":"<style>.elementor-796 .elementor-element.elementor-element-7086ae2{--display:flex;--gap:0px 0px;--row-gap:0px;--column-gap:0px;--margin-top:150px;--margin-bottom:0px;--margin-left:0px;--margin-right:0px;}.elementor-796 .elementor-element.elementor-element-7499ad0 > .elementor-widget-container{margin:39px 0px 0px 0px;}.elementor-796 .elementor-element.elementor-element-7499ad0 .elementor-heading-title{font-size:45px;color:var( --e-global-color-primary );}.elementor-796 .elementor-element.elementor-element-6f677cd{--divider-border-style:solid;--divider-color:var( --e-global-color-primary );--divider-border-width:1px;}.elementor-796 .elementor-element.elementor-element-6f677cd .elementor-divider-separator{width:45%;}.elementor-796 .elementor-element.elementor-element-6f677cd .elementor-divider{padding-block-start:2px;padding-block-end:2px;}.elementor-796 .elementor-element.elementor-element-d85ba6e{--display:flex;}.elementor-796 .elementor-element.elementor-element-29f7e26 > .elementor-widget-container{margin:50px 0px 50px 0px;}body.elementor-page-796:not(.elementor-motion-effects-element-type-background), body.elementor-page-796 > .elementor-motion-effects-container > .elementor-motion-effects-layer{background-color:#000000;}:root{--page-title-display:none;}@media(max-width:1024px){.elementor-796 .elementor-element.elementor-element-7086ae2{--margin-top:100px;--margin-bottom:0px;--margin-left:0px;--margin-right:0px;--padding-top:0px;--padding-bottom:0px;--padding-left:50px;--padding-right:0px;}.elementor-796 .elementor-element.elementor-element-29f7e26 > .elementor-widget-container{margin:25px 0px 0px 0px;padding:0px 50px 0px 50px;}}@media(max-width:767px){.elementor-796 .elementor-element.elementor-element-7086ae2{--margin-top:100px;--margin-bottom:0px;--margin-left:0px;--margin-right:0px;--padding-top:0px;--padding-bottom:0px;--padding-left:20px;--padding-right:0px;}.elementor-796 .elementor-element.elementor-element-7499ad0 .elementor-heading-title{font-size:34px;}.elementor-796 .elementor-element.elementor-element-6f677cd .elementor-divider-separator{width:92%;}.elementor-796 .elementor-element.elementor-element-29f7e26 > .elementor-widget-container{margin:25px 0px 0px 0px;padding:0px 20px 0px 20px;}}<\/style>\t\t<div data-elementor-type=\"wp-page\" data-elementor-id=\"796\" class=\"elementor elementor-796\" data-elementor-post-type=\"page\">\n\t\t\t\t<div class=\"elementor-element elementor-element-7086ae2 e-flex e-con-boxed e-con e-parent\" data-id=\"7086ae2\" data-element_type=\"container\">\n\t\t\t\t\t<div class=\"e-con-inner\">\n\t\t\t\t<div class=\"elementor-element elementor-element-7499ad0 elementor-widget elementor-widget-heading\" data-id=\"7499ad0\" data-element_type=\"widget\" data-widget_type=\"heading.default\">\n\t\t\t\t<div class=\"elementor-widget-container\">\n\t\t\t\t\t<h1 class=\"elementor-heading-title elementor-size-default\">Pol\u00edtica de Privacidad<\/h1>\t\t\t\t<\/div>\n\t\t\t\t<\/div>\n\t\t\t\t<div class=\"elementor-element elementor-element-6f677cd elementor-widget-divider--view-line elementor-invisible elementor-widget elementor-widget-divider\" data-id=\"6f677cd\" data-element_type=\"widget\" data-settings=\"{&quot;_animation&quot;:&quot;fadeInLeft&quot;}\" data-widget_type=\"divider.default\">\n\t\t\t\t<div class=\"elementor-widget-container\">\n\t\t\t\t\t\t\t<div class=\"elementor-divider\">\n\t\t\t<span class=\"elementor-divider-separator\">\n\t\t\t\t\t\t<\/span>\n\t\t<\/div>\n\t\t\t\t\t\t<\/div>\n\t\t\t\t<\/div>\n\t\t\t\t\t<\/div>\n\t\t\t\t<\/div>\n\t\t<div class=\"elementor-element elementor-element-d85ba6e e-flex e-con-boxed e-con e-parent\" data-id=\"d85ba6e\" data-element_type=\"container\">\n\t\t\t\t\t<div class=\"e-con-inner\">\n\t\t\t\t<div class=\"elementor-element elementor-element-29f7e26 elementor-widget elementor-widget-text-editor\" data-id=\"29f7e26\" data-element_type=\"widget\" data-widget_type=\"text-editor.default\">\n\t\t\t\t<div class=\"elementor-widget-container\">\n\t\t\t\t\t\t\t\t\t<p><span style=\"color: #ffffff;\">En esta Pol\u00edtica de Privacidad encontrar\u00e1s toda la informaci\u00f3n relativa al uso que hacemos de los datos personales que utilices para interactuar con nosotros como usuario.<\/span><\/p><p><span style=\"color: #ffffff;\">Dispones de forma permanente de esta Pol\u00edtica de Privacidad que puedes consultar cuando lo estimes oportuno.<\/span><\/p><p><span style=\"color: #ffffff;\">Cualquier duda que te surja en la lectura de esta informaci\u00f3n no dudes en preguntarnos al email\u00a0<strong><a style=\"color: #ffffff;\" rel=\"noopener\">info@marketingenerativo.com<\/a><\/strong><\/span><\/p><p><span style=\"color: #ffffff;\"><strong><a style=\"color: #ffffff;\" rel=\"noopener\">\u00a0<\/a><\/strong><\/span><\/p><hr \/><h3><span style=\"color: #ffffff;\"><strong>\u00a0<\/strong><\/span><\/h3><h3><span style=\"color: #ffffff;\"><strong>\u00bfQui\u00e9nes somos?<\/strong><\/span><\/h3><p><span style=\"color: #ffffff;\"><strong>Ernesto Barranco Mart\u00ednez<\/strong>, con NIF\u00a0<strong>74664641V<\/strong>\u00a0y domicilio fiscal en\u00a0<strong>Calle Madrid, 18193 Monachil (Granada), Espa\u00f1a<\/strong>, titular de la web\u00a0<a style=\"color: #ffffff;\" href=\"https:\/\/marketingenerativo.com\/\" target=\"_new\" rel=\"noopener\">https:\/\/marketingenerativo.com<\/a>\u00a0y responsable del tratamiento de tus datos personales, de sus usos y de su protecci\u00f3n.<\/span><\/p><p><span style=\"color: #ffffff;\">El uso de los servicios del Sitio Web, as\u00ed como la adquisici\u00f3n de cualquiera de los productos ofertados, supone tu aceptaci\u00f3n como Cliente, sin reservas de ninguna clase, de todas las manifestaciones contenidas en esta Pol\u00edtica de Privacidad y en las Condiciones Generales.<\/span><\/p><p><span style=\"color: #ffffff;\">Tu registro en la web y el uso de sus servicios conlleva que los datos personales que hayas facilitado en el formulario de alta como Cliente pasar\u00e1n a formar parte de ficheros para su tratamiento con la finalidad, legitimaci\u00f3n, cesiones y periodos de conservaci\u00f3n que se detalla a continuaci\u00f3n, y que declaras conocer y aceptar al pulsar el bot\u00f3n de acci\u00f3n del formulario.<\/span><\/p><p><span style=\"color: #ffffff;\">\u00a0<\/span><\/p><hr \/><h3><span style=\"color: #ffffff;\"><strong>\u00a0<\/strong><\/span><\/h3><h3><span style=\"color: #ffffff;\"><strong>Limitaciones<\/strong><\/span><\/h3><p><span style=\"color: #ffffff;\">El contenido promocional de la web est\u00e1 dirigido a todos los usuarios, pero si vas a registrarte como cliente o realizar alguna compra debes ser mayor de edad.<\/span><\/p><p><span style=\"color: #ffffff;\">\u00a0<\/span><\/p><hr \/><h3><span style=\"color: #ffffff;\"><strong>\u00a0<\/strong><\/span><\/h3><h3><span style=\"color: #ffffff;\"><strong>\u00bfPara qu\u00e9 finalidad usamos tus datos?<\/strong><\/span><\/h3><p><span style=\"color: #ffffff;\">Dependiendo de c\u00f3mo interact\u00faes en nuestra web, trataremos tus datos personales para las siguientes finalidades:<\/span><\/p><ul><li><span style=\"color: #ffffff;\">Atender las consultas, sugerencias o solicitudes que nos realices a trav\u00e9s de la web.<\/span><\/li><li><span style=\"color: #ffffff;\">\u00a0<\/span><\/li><\/ul><hr \/><h3><span style=\"color: #ffffff;\"><strong>\u00a0<\/strong><\/span><\/h3><h3><span style=\"color: #ffffff;\"><strong>\u00bfQu\u00e9 datos personales te solicitaremos?<\/strong><\/span><\/h3><p><span style=\"color: #ffffff;\">A trav\u00e9s de nuestro formulario de contacto: Nombre, correo electr\u00f3nico y tel\u00e9fono.<\/span><br \/><span style=\"color: #ffffff;\">En la\u00a0<strong>Pol\u00edtica de Cookies<\/strong>\u00a0podr\u00e1s encontrar qu\u00e9 otro tipo de informaci\u00f3n recogeremos a trav\u00e9s del uso de cookies.<\/span><\/p><p><span style=\"color: #ffffff;\">Recuerda que todos los datos que te solicitemos como obligatorios son los m\u00ednimos necesarios para poder prestarte el servicio o permitirte el acceso a determinada funcionalidad de la web. Si decides no facilitar estos datos es posible que no puedas completar tu registro o no podamos proporcionarte determinados servicios o funcionalidades.<\/span><\/p><p><span style=\"color: #ffffff;\">\u00a0<\/span><\/p><hr \/><h3><span style=\"color: #ffffff;\"><strong>\u00a0<\/strong><\/span><\/h3><h3><span style=\"color: #ffffff;\"><strong>\u00bfPor qu\u00e9 usamos tus datos?<\/strong><\/span><\/h3><p><span style=\"color: #ffffff;\">La legitimaci\u00f3n para el tratamiento de tus datos proviene de que necesitamos tratarlos para ejecutar el contrato que aceptas con nosotros al registrarte y al disfrutar de nuestros servicios o funcionalidades.<\/span><\/p><p><span style=\"color: #ffffff;\">Hay otras razones como nuestro inter\u00e9s en atender tus consultas o solicitudes y el consentimiento que nos prestas para poder enviarte nuestra informaci\u00f3n comercial.<\/span><\/p><p><span style=\"color: #ffffff;\">\u00a0<\/span><\/p><hr \/><h3><span style=\"color: #ffffff;\"><strong>\u00a0<\/strong><\/span><\/h3><h3><span style=\"color: #ffffff;\"><strong>\u00bfCu\u00e1nto tiempo conservamos tus datos?<\/strong><\/span><\/h3><p><span style=\"color: #ffffff;\">Tus datos personales ser\u00e1n conservados durante el tiempo que permanezca tu cuenta de usuario activa. Recuerda que puedes cancelarla en cualquier momento mediante solicitud al email\u00a0<strong><a style=\"color: #ffffff;\" rel=\"noopener\">info@marketingenerativo.com<\/a><\/strong>. Una vez cancelada la cuenta, tus datos personales se conservar\u00e1n bloqueados durante el periodo exigido por la legislaci\u00f3n fiscal para la prescripci\u00f3n de responsabilidades en el caso de que hayas efectuado alguna adquisici\u00f3n de productos.<\/span><\/p><p><span style=\"color: #ffffff;\">En cualquier otro caso, tus datos personales se conservar\u00e1n durante un periodo de 3 meses desde tu decisi\u00f3n de cancelaci\u00f3n, por si pudieran derivarse alg\u00fan tipo de responsabilidades.<\/span><\/p><p><span style=\"color: #ffffff;\">Una vez finalizados los plazos, los datos ser\u00e1n eliminados de nuestros registros.<\/span><\/p><p><span style=\"color: #ffffff;\">\u00a0<\/span><\/p><hr \/><h3><span style=\"color: #ffffff;\"><strong>\u00a0<\/strong><\/span><\/h3><h3><span style=\"color: #ffffff;\"><strong>\u00bfCon qui\u00e9n compartimos tus datos?<\/strong><\/span><\/h3><p><span style=\"color: #ffffff;\">Para el cumplimiento de las finalidades expresadas, tus datos personales ser\u00e1n comunicados a prestadores de servicios auxiliares que nos facilitan la gesti\u00f3n o nuestras obligaciones legales, tales como empresas de transporte, de asesoramiento fiscal y jur\u00eddico, y de alojamiento web, entre otras.<\/span><\/p><p><span style=\"color: #ffffff;\">Tambi\u00e9n cederemos tus datos personales a Organismos o Administraciones p\u00fablicas a las que estemos obligados por exigencia legal.<\/span><\/p><p><span style=\"color: #ffffff;\">Puedes solicitar una lista de estas empresas y organismos a trav\u00e9s de nuestro email\u00a0<strong><a style=\"color: #ffffff;\" rel=\"noopener\">info@marketingenerativo.com<\/a><\/strong>.<\/span><\/p><p><span style=\"color: #ffffff;\">\u00a0<\/span><\/p><hr \/><h3><span style=\"color: #ffffff;\"><strong>\u00a0<\/strong><\/span><\/h3><h3><span style=\"color: #ffffff;\"><strong>\u00bfQu\u00e9 derechos tienes sobre tus datos personales?<\/strong><\/span><\/h3><p><span style=\"color: #ffffff;\">Con independencia de la justificaci\u00f3n legal con la que hemos realizado el tratamiento de tus datos personales, tienes una serie de derechos que puedes ejercer ante\u00a0<strong>Ernesto Barranco Mart\u00ednez<\/strong>\u00a0mediante comunicaci\u00f3n al email\u00a0<strong><a style=\"color: #ffffff;\" rel=\"noopener\">info@marketingenerativo.com<\/a><\/strong>:<\/span><\/p><ul><li><span style=\"color: #ffffff;\"><strong>Derecho de supresi\u00f3n:<\/strong>\u00a0Bloquearemos tus datos personales para cualquier tipo de tratamiento durante el periodo de conservaci\u00f3n que te hemos indicado m\u00e1s arriba. Y una vez transcurrido el mismo procederemos a su eliminaci\u00f3n definitiva.<\/span><\/li><li><span style=\"color: #ffffff;\"><strong>Derecho de limitaci\u00f3n:<\/strong>\u00a0Podr\u00e1s solicitarnos que suspendamos temporalmente el tratamiento de tus datos o que los conservemos m\u00e1s all\u00e1 del tiempo necesario cuando puedas necesitarlo.<\/span><\/li><li><span style=\"color: #ffffff;\"><strong>Derecho de portabilidad:<\/strong>\u00a0Recibir\u00e1s los datos personales que nos hayas facilitado en un formato estructurado, de uso com\u00fan y legible por una m\u00e1quina, para transmitirlos a otra entidad directamente, siempre que t\u00e9cnicamente sea posible.<\/span><\/li><li><span style=\"color: #ffffff;\">Tambi\u00e9n puedes presentar una reclamaci\u00f3n ante la autoridad de control en materia de protecci\u00f3n de datos, en particular, ante la Agencia Espa\u00f1ola de Protecci\u00f3n de Datos.<\/span><\/li><li><span style=\"color: #ffffff;\">\u00a0<\/span><\/li><\/ul><hr \/><h3><span style=\"color: #ffffff;\"><strong>\u00a0<\/strong><\/span><\/h3><h3><span style=\"color: #ffffff;\"><strong>Cambios en la Pol\u00edtica de Privacidad<\/strong><\/span><\/h3><p><span style=\"color: #ffffff;\">Es posible que adaptemos o modifiquemos la informaci\u00f3n contenida en esta Pol\u00edtica de Privacidad cuando lo estimemos conveniente o incorporemos nuevas funcionalidades en la plataforma que as\u00ed lo exijan.<\/span><\/p><p><span style=\"color: #ffffff;\">En caso de que lo hagamos, te lo notificaremos mediante un banner informativo en la propia web.<\/span><\/p><p><span style=\"color: #ffffff;\">Te aconsejamos que revises peri\u00f3dicamente esta Pol\u00edtica de Privacidad.<\/span><\/p>\t\t\t\t\t\t\t\t<\/div>\n\t\t\t\t<\/div>\n\t\t\t\t\t<\/div>\n\t\t\t\t<\/div>\n\t\t\t\t<\/div>\n\t\t","protected":false},"excerpt":{"rendered":"<p>Pol\u00edtica de Privacidad En esta Pol\u00edtica de Privacidad encontrar\u00e1s toda la informaci\u00f3n relativa al uso que hacemos de los datos personales que utilices para interactuar con nosotros como usuario. Dispones de forma permanente de esta Pol\u00edtica de Privacidad que puedes consultar cuando lo estimes oportuno. Cualquier duda que te surja en la lectura de esta [&hellip;]<\/p>\n","protected":false},"author":2,"featured_media":0,"parent":0,"menu_order":0,"comment_status":"closed","ping_status":"closed","template":"","meta":{"footnotes":""},"class_list":["post-796","page","type-page","status-publish","hentry"],"yoast_head":"<!-- This site is optimized with the Yoast SEO plugin v26.8 - https:\/\/yoast.com\/product\/yoast-seo-wordpress\/ -->\n<title>Pol\u00edtica de Privacidad - GRUPO AMG.IA<\/title>\n<meta name=\"robots\" content=\"noindex, follow, max-snippet:-1, max-image-preview:large, max-video-preview:-1\" \/>\n<meta property=\"og:locale\" content=\"es_ES\" \/>\n<meta property=\"og:type\" content=\"article\" \/>\n<meta property=\"og:title\" content=\"Pol\u00edtica de Privacidad - GRUPO AMG.IA\" \/>\n<meta property=\"og:description\" content=\"Pol\u00edtica de Privacidad En esta Pol\u00edtica de Privacidad encontrar\u00e1s toda la informaci\u00f3n relativa al uso que hacemos de los datos personales que utilices para interactuar con nosotros como usuario. Dispones de forma permanente de esta Pol\u00edtica de Privacidad que puedes consultar cuando lo estimes oportuno. Cualquier duda que te surja en la lectura de esta [&hellip;]\" \/>\n<meta property=\"og:url\" content=\"https:\/\/marketingenerativo.com\/index.php\/politica-de-privacidad\/\" \/>\n<meta property=\"og:site_name\" content=\"GRUPO AMG.IA\" \/>\n<meta property=\"article:modified_time\" content=\"2024-11-28T16:27:26+00:00\" \/>\n<meta name=\"twitter:card\" content=\"summary_large_image\" \/>\n<meta name=\"twitter:label1\" content=\"Tiempo de lectura\" \/>\n\t<meta name=\"twitter:data1\" content=\"4 minutos\" \/>\n<script type=\"application\/ld+json\" class=\"yoast-schema-graph\">{\"@context\":\"https:\/\/schema.org\",\"@graph\":[{\"@type\":\"WebPage\",\"@id\":\"https:\/\/marketingenerativo.com\/index.php\/politica-de-privacidad\/\",\"url\":\"https:\/\/marketingenerativo.com\/index.php\/politica-de-privacidad\/\",\"name\":\"Pol\u00edtica de Privacidad - GRUPO AMG.IA\",\"isPartOf\":{\"@id\":\"https:\/\/marketingenerativo.com\/#website\"},\"datePublished\":\"2023-12-20T14:23:23+00:00\",\"dateModified\":\"2024-11-28T16:27:26+00:00\",\"breadcrumb\":{\"@id\":\"https:\/\/marketingenerativo.com\/index.php\/politica-de-privacidad\/#breadcrumb\"},\"inLanguage\":\"es\",\"potentialAction\":[{\"@type\":\"ReadAction\",\"target\":[\"https:\/\/marketingenerativo.com\/index.php\/politica-de-privacidad\/\"]}]},{\"@type\":\"BreadcrumbList\",\"@id\":\"https:\/\/marketingenerativo.com\/index.php\/politica-de-privacidad\/#breadcrumb\",\"itemListElement\":[{\"@type\":\"ListItem\",\"position\":1,\"name\":\"Portada\",\"item\":\"https:\/\/marketingenerativo.com\/\"},{\"@type\":\"ListItem\",\"position\":2,\"name\":\"Pol\u00edtica de Privacidad\"}]},{\"@type\":\"WebSite\",\"@id\":\"https:\/\/marketingenerativo.com\/#website\",\"url\":\"https:\/\/marketingenerativo.com\/\",\"name\":\"GRUPO AMG.IA\",\"description\":\"ADVANCED MODELS GROWTH\",\"publisher\":{\"@id\":\"https:\/\/marketingenerativo.com\/#\/schema\/person\/cd2c364c6cbcb4453e4d4040f52eb0bb\"},\"potentialAction\":[{\"@type\":\"SearchAction\",\"target\":{\"@type\":\"EntryPoint\",\"urlTemplate\":\"https:\/\/marketingenerativo.com\/?s={search_term_string}\"},\"query-input\":{\"@type\":\"PropertyValueSpecification\",\"valueRequired\":true,\"valueName\":\"search_term_string\"}}],\"inLanguage\":\"es\"},{\"@type\":[\"Person\",\"Organization\"],\"@id\":\"https:\/\/marketingenerativo.com\/#\/schema\/person\/cd2c364c6cbcb4453e4d4040f52eb0bb\",\"name\":\"Ernesto Barranco\",\"image\":{\"@type\":\"ImageObject\",\"inLanguage\":\"es\",\"@id\":\"https:\/\/marketingenerativo.com\/#\/schema\/person\/image\/\",\"url\":\"https:\/\/marketingenerativo.com\/wp-content\/uploads\/2024\/11\/cropped-1-1.png\",\"contentUrl\":\"https:\/\/marketingenerativo.com\/wp-content\/uploads\/2024\/11\/cropped-1-1.png\",\"width\":712,\"height\":189,\"caption\":\"Ernesto Barranco\"},\"logo\":{\"@id\":\"https:\/\/marketingenerativo.com\/#\/schema\/person\/image\/\"},\"sameAs\":[\"http:\/\/kiobem.com\"]}]}<\/script>\n<!-- \/ Yoast SEO plugin. -->","yoast_head_json":{"title":"Pol\u00edtica de Privacidad - GRUPO AMG.IA","robots":{"index":"noindex","follow":"follow","max-snippet":"max-snippet:-1","max-image-preview":"max-image-preview:large","max-video-preview":"max-video-preview:-1"},"og_locale":"es_ES","og_type":"article","og_title":"Pol\u00edtica de Privacidad - GRUPO AMG.IA","og_description":"Pol\u00edtica de Privacidad En esta Pol\u00edtica de Privacidad encontrar\u00e1s toda la informaci\u00f3n relativa al uso que hacemos de los datos personales que utilices para interactuar con nosotros como usuario. Dispones de forma permanente de esta Pol\u00edtica de Privacidad que puedes consultar cuando lo estimes oportuno. Cualquier duda que te surja en la lectura de esta [&hellip;]","og_url":"https:\/\/marketingenerativo.com\/index.php\/politica-de-privacidad\/","og_site_name":"GRUPO AMG.IA","article_modified_time":"2024-11-28T16:27:26+00:00","twitter_card":"summary_large_image","twitter_misc":{"Tiempo de lectura":"4 minutos"},"schema":{"@context":"https:\/\/schema.org","@graph":[{"@type":"WebPage","@id":"https:\/\/marketingenerativo.com\/index.php\/politica-de-privacidad\/","url":"https:\/\/marketingenerativo.com\/index.php\/politica-de-privacidad\/","name":"Pol\u00edtica de Privacidad - GRUPO AMG.IA","isPartOf":{"@id":"https:\/\/marketingenerativo.com\/#website"},"datePublished":"2023-12-20T14:23:23+00:00","dateModified":"2024-11-28T16:27:26+00:00","breadcrumb":{"@id":"https:\/\/marketingenerativo.com\/index.php\/politica-de-privacidad\/#breadcrumb"},"inLanguage":"es","potentialAction":[{"@type":"ReadAction","target":["https:\/\/marketingenerativo.com\/index.php\/politica-de-privacidad\/"]}]},{"@type":"BreadcrumbList","@id":"https:\/\/marketingenerativo.com\/index.php\/politica-de-privacidad\/#breadcrumb","itemListElement":[{"@type":"ListItem","position":1,"name":"Portada","item":"https:\/\/marketingenerativo.com\/"},{"@type":"ListItem","position":2,"name":"Pol\u00edtica de Privacidad"}]},{"@type":"WebSite","@id":"https:\/\/marketingenerativo.com\/#website","url":"https:\/\/marketingenerativo.com\/","name":"GRUPO AMG.IA","description":"ADVANCED MODELS GROWTH","publisher":{"@id":"https:\/\/marketingenerativo.com\/#\/schema\/person\/cd2c364c6cbcb4453e4d4040f52eb0bb"},"potentialAction":[{"@type":"SearchAction","target":{"@type":"EntryPoint","urlTemplate":"https:\/\/marketingenerativo.com\/?s={search_term_string}"},"query-input":{"@type":"PropertyValueSpecification","valueRequired":true,"valueName":"search_term_string"}}],"inLanguage":"es"},{"@type":["Person","Organization"],"@id":"https:\/\/marketingenerativo.com\/#\/schema\/person\/cd2c364c6cbcb4453e4d4040f52eb0bb","name":"Ernesto Barranco","image":{"@type":"ImageObject","inLanguage":"es","@id":"https:\/\/marketingenerativo.com\/#\/schema\/person\/image\/","url":"https:\/\/marketingenerativo.com\/wp-content\/uploads\/2024\/11\/cropped-1-1.png","contentUrl":"https:\/\/marketingenerativo.com\/wp-content\/uploads\/2024\/11\/cropped-1-1.png","width":712,"height":189,"caption":"Ernesto Barranco"},"logo":{"@id":"https:\/\/marketingenerativo.com\/#\/schema\/person\/image\/"},"sameAs":["http:\/\/kiobem.com"]}]}},"_links":{"self":[{"href":"https:\/\/marketingenerativo.com\/index.php\/wp-json\/wp\/v2\/pages\/796","targetHints":{"allow":["GET"]}}],"collection":[{"href":"https:\/\/marketingenerativo.com\/index.php\/wp-json\/wp\/v2\/pages"}],"about":[{"href":"https:\/\/marketingenerativo.com\/index.php\/wp-json\/wp\/v2\/types\/page"}],"author":[{"embeddable":true,"href":"https:\/\/marketingenerativo.com\/index.php\/wp-json\/wp\/v2\/users\/2"}],"replies":[{"embeddable":true,"href":"https:\/\/marketingenerativo.com\/index.php\/wp-json\/wp\/v2\/comments?post=796"}],"version-history":[{"count":22,"href":"https:\/\/marketingenerativo.com\/index.php\/wp-json\/wp\/v2\/pages\/796\/revisions"}],"predecessor-version":[{"id":2118,"href":"https:\/\/marketingenerativo.com\/index.php\/wp-json\/wp\/v2\/pages\/796\/revisions\/2118"}],"wp:attachment":[{"href":"https:\/\/marketingenerativo.com\/index.php\/wp-json\/wp\/v2\/media?parent=796"}],"curies":[{"name":"wp","href":"https:\/\/api.w.org\/{rel}","templated":true}]}}